{"id":29686,"date":"2024-07-16T11:37:10","date_gmt":"2024-07-16T16:37:10","guid":{"rendered":"https:\/\/www.dmsjuridica.com\/buscador_20179478954\/corteconstitucionalcronologico202454587\/?page_id=29686"},"modified":"2024-07-16T11:37:10","modified_gmt":"2024-07-16T16:37:10","slug":"su-2005","status":"publish","type":"page","link":"https:\/\/www.dmsjuridica.com\/buscador_20179478954\/corteconstitucionalcronologico202454587\/su-2005\/","title":{"rendered":"SU 2005"},"content":{"rendered":"<div class=\"pt-cv-wrapper\"><div class=\"pt-cv-view pt-cv-grid pt-cv-colsys\" id=\"pt-cv-view-bf3c2bds43\"><div data-id=\"pt-cv-page-1\" class=\"pt-cv-page\" data-cvc=\"1\"><div class=\"col-md-12 col-sm-12 col-xs-12 pt-cv-content-item pt-cv-1-col\" ><div class='pt-cv-ifield'><a href=\"https:\/\/www.dmsjuridica.com\/buscador_20179478954\/corteconstitucionalcronologico202454587\/c-987-05\/\" class=\"_self pt-cv-href-thumbnail pt-cv-thumb-default\" target=\"_self\" ><\/a>\n<div class=\"pt-cv-taxoterm above_title\"><a href='https:\/\/www.dmsjuridica.com\/buscador_20179478954\/corteconstitucionalcronologico202454587\/category\/buscar-en-toda-la-corte\/2005\/sentencias-2005\/' title='Sentencias 2005' class='pt-cv-tax-sentencias-2005'>Sentencias 2005<\/a><\/div>\n<h4 class=\"pt-cv-title\"><a href=\"https:\/\/www.dmsjuridica.com\/buscador_20179478954\/corteconstitucionalcronologico202454587\/c-987-05\/\" class=\"_self\" target=\"_self\" >C-987-05<\/a><\/h4>\n<div class=\"pt-cv-content\">\u00a0 \u00a0 Sentencia C-987\/05 \u00a0 DISPOSICION JURIDICA Y NORMA JURIDICA-Distinci\u00f3n\/CONTROL DE CONSTITUCIONALIDAD-Objeto sobre el que recae\/DEMANDA DE INCONSTITUCIONALIDAD-Deber de certeza de cargos de inconstitucionalidad \u00a0 Hay que acudir a la distinci\u00f3n, acogida por la doctrina y frecuentemente empleada por esta Corporaci\u00f3n entre disposici\u00f3n y norma pues es claro que con frecuencia el control de constitucionalidad no recae sobre un texto legal (disposici\u00f3n o enunciado normativo) sino sobre su interpretaci\u00f3n (norma o contenido normativo), por lo tanto, en principio no siempre que la demanda de constitucionalidad verse sobre la interpretaci\u00f3n de una disposici\u00f3n resultar\u00eda infundada, sin embargo, la interpretaci\u00f3n que se ...<br \/><div class=\"pt-cv-rmwrap\"><a href=\"https:\/\/www.dmsjuridica.com\/buscador_20179478954\/corteconstitucionalcronologico202454587\/c-987-05\/\" class=\"_self pt-cv-readmore btn btn-success\" target=\"_self\">Ver Sentencia Completa...<\/a><\/div><\/div><\/div><\/div>\n<div class=\"col-md-12 col-sm-12 col-xs-12 pt-cv-content-item pt-cv-1-col\" ><div class='pt-cv-ifield'><a href=\"https:\/\/www.dmsjuridica.com\/buscador_20179478954\/corteconstitucionalcronologico202454587\/c-986-05\/\" class=\"_self pt-cv-href-thumbnail pt-cv-thumb-default\" target=\"_self\" ><\/a>\n<div class=\"pt-cv-taxoterm above_title\"><a href='https:\/\/www.dmsjuridica.com\/buscador_20179478954\/corteconstitucionalcronologico202454587\/category\/buscar-en-toda-la-corte\/2005\/sentencias-2005\/' title='Sentencias 2005' class='pt-cv-tax-sentencias-2005'>Sentencias 2005<\/a><\/div>\n<h4 class=\"pt-cv-title\"><a href=\"https:\/\/www.dmsjuridica.com\/buscador_20179478954\/corteconstitucionalcronologico202454587\/c-986-05\/\" class=\"_self\" target=\"_self\" >C-986-05<\/a><\/h4>\n<div class=\"pt-cv-content\">\u00a0 \u00a0 Sentencia C-986\/05 \u00a0 COSA JUZGADA CONSTITUCIONAL POR SENTENCIA CORTE SUPREMA DE JUSTICIA-Configuraci\u00f3n \u00a0 INHIBICION DE LA CORTE CONSTITUCIONAL-Improcedencia \u00a0 Referencia: expediente D-5736 \u00a0 Actor: Julio Ernesto Hencker Arcila\u00a0 \u00a0 Magistrado Ponente: \u00a0 Dr. JAIME C\u00d3RDOBA TRIVI\u00d1O \u00a0 Bogot\u00e1, D. C., veintis\u00e9is (26) de septiembre de dos mil cinco (2005). \u00a0 La Sala Plena de la Corte Constitucional, en ejercicio de sus atribuciones constitucionales y legales, en especial las previstas en el art\u00edculo 241, numeral 4 de la Constituci\u00f3n Pol\u00edtica, y cumplidos todos los tr\u00e1mites y requisitos contemplados en el Decreto 2067 de 1991, ha proferido la siguiente \u00a0 ...<br \/><div class=\"pt-cv-rmwrap\"><a href=\"https:\/\/www.dmsjuridica.com\/buscador_20179478954\/corteconstitucionalcronologico202454587\/c-986-05\/\" class=\"_self pt-cv-readmore btn btn-success\" target=\"_self\">Ver Sentencia Completa...<\/a><\/div><\/div><\/div><\/div><\/div><\/div><\/div>\n","protected":false},"excerpt":{"rendered":"","protected":false},"author":1,"featured_media":0,"parent":0,"menu_order":0,"comment_status":"closed","ping_status":"closed","template":"","meta":{"footnotes":""},"class_list":["post-29686","page","type-page","status-publish","hentry"],"_links":{"self":[{"href":"https:\/\/www.dmsjuridica.com\/buscador_20179478954\/corteconstitucionalcronologico202454587\/wp-json\/wp\/v2\/pages\/29686","targetHints":{"allow":["GET"]}}],"collection":[{"href":"https:\/\/www.dmsjuridica.com\/buscador_20179478954\/corteconstitucionalcronologico202454587\/wp-json\/wp\/v2\/pages"}],"about":[{"href":"https:\/\/www.dmsjuridica.com\/buscador_20179478954\/corteconstitucionalcronologico202454587\/wp-json\/wp\/v2\/types\/page"}],"author":[{"embeddable":true,"href":"https:\/\/www.dmsjuridica.com\/buscador_20179478954\/corteconstitucionalcronologico202454587\/wp-json\/wp\/v2\/users\/1"}],"replies":[{"embeddable":true,"href":"https:\/\/www.dmsjuridica.com\/buscador_20179478954\/corteconstitucionalcronologico202454587\/wp-json\/wp\/v2\/comments?post=29686"}],"version-history":[{"count":1,"href":"https:\/\/www.dmsjuridica.com\/buscador_20179478954\/corteconstitucionalcronologico202454587\/wp-json\/wp\/v2\/pages\/29686\/revisions"}],"predecessor-version":[{"id":29687,"href":"https:\/\/www.dmsjuridica.com\/buscador_20179478954\/corteconstitucionalcronologico202454587\/wp-json\/wp\/v2\/pages\/29686\/revisions\/29687"}],"wp:attachment":[{"href":"https:\/\/www.dmsjuridica.com\/buscador_20179478954\/corteconstitucionalcronologico202454587\/wp-json\/wp\/v2\/media?parent=29686"}],"curies":[{"name":"wp","href":"https:\/\/api.w.org\/{rel}","templated":true}]}}