{"id":29698,"date":"2024-07-16T11:45:12","date_gmt":"2024-07-16T16:45:12","guid":{"rendered":"https:\/\/www.dmsjuridica.com\/buscador_20179478954\/corteconstitucionalcronologico202454587\/?page_id=29698"},"modified":"2024-07-16T11:45:12","modified_gmt":"2024-07-16T16:45:12","slug":"su-2011","status":"publish","type":"page","link":"https:\/\/www.dmsjuridica.com\/buscador_20179478954\/corteconstitucionalcronologico202454587\/su-2011\/","title":{"rendered":"SU 2011"},"content":{"rendered":"<div class=\"pt-cv-wrapper\"><div class=\"pt-cv-view pt-cv-grid pt-cv-colsys\" id=\"pt-cv-view-8709c9362c\"><div data-id=\"pt-cv-page-1\" class=\"pt-cv-page\" data-cvc=\"1\"><div class=\"col-md-12 col-sm-12 col-xs-12 pt-cv-content-item pt-cv-1-col\" ><div class='pt-cv-ifield'><a href=\"https:\/\/www.dmsjuridica.com\/buscador_20179478954\/corteconstitucionalcronologico202454587\/su913-09\/\" class=\"_self pt-cv-href-thumbnail pt-cv-thumb-default\" target=\"_self\" ><\/a>\n<div class=\"pt-cv-taxoterm above_title\"><a href='https:\/\/www.dmsjuridica.com\/buscador_20179478954\/corteconstitucionalcronologico202454587\/category\/buscar-en-toda-la-corte\/2011\/sentencias-de-unificacion-2011\/' title='Sentencias de Unificaci\u00f3n 2011' class='pt-cv-tax-sentencias-de-unificacion-2011'>Sentencias de Unificaci\u00f3n 2011<\/a><\/div>\n<h4 class=\"pt-cv-title\"><a href=\"https:\/\/www.dmsjuridica.com\/buscador_20179478954\/corteconstitucionalcronologico202454587\/su913-09\/\" class=\"_self\" target=\"_self\" >SU913-09<\/a><\/h4>\n<div class=\"pt-cv-content\">* \u00d0\u00cf\u00e0\u00a1\u00b1\u00e1&gt;\u00fe\u00ff \u00a0 \u00a0 \u00a0 \u00a0\u00fb\u00fd\u00fe\u00ff\u00ff\u00ff\u00eb\u00ec\u00ed\u00ee\u00ef\u00f0\u00f1\u00f2\u00f3\u00f4\u00f5\u00f6\u00f7\u00f8\u00f9\u00fa\u00ff\u00ff\u00ff\u00ff\u00ff\u00ff\u00ff\u00ff\u00ff\u00ff\u00ff\u00ff\u00ff\u00ff\u00ff\u00ff\u00ff\u00ff\u00ff\u00ff\u00ff\u00ff\u00ff\u00ff\u00ff\u00ff\u00ff\u00ff\u00ff\u00ff\u00ff\u00ff\u00ff\u00ff\u00ff\u00ff\u00ff\u00ff\u00ff\u00ff\u00ff\u00ff\u00ff\u00ff\u00ff\u00ff\u00ff\u00ff\u00ff\u00ff\u00ff\u00ff\u00ff\u00ff\u00ff\u00ff\u00ff\u00ff\u00ff\u00ff\u00ff\u00ff\u00ff\u00ff\u00ff\u00ff\u00ff\u00ff\u00ff\u00ff\u00ff\u00ff\u00ff\u00ff\u00ff\u00ff\u00ff\u00ff\u00ff\u00ff\u00ff\u00ff\u00ff\u00ff\u00ff\u00ff\u00ff\u00ff\u00ff\u00ff\u00ff\u00ff\u00ff\u00ff\u00ff\u00ff\u00ff\u00ff\u00ff\u00ff\u00ff\u00ff\u00ff\u00ff\u00ff\u00ff\u00ff\u00ff\u00ff\u00ff\u00ff\u00ff\u00ff\u00ff\u00ff\u00ff\u00ff\u00ff\u00ff\u00ff\u00ff\u00ff\u00ff\u00ff\u00ff\u00ff\u00ff\u00ff\u00ff\u00ff\u00ff\u00ff\u00ff\u00ff\u00ff\u00ff\u00ff\u00ff\u00ff\u00ff\u00ff\u00ff\u00ff\u00ff\u00ff\u00ff\u00ff\u00ff\u00ff\u00ff\u00ff\u00ff\u00ff\u00ff\u00ff\u00ff\u00ff\u00ff\u00ff\u00ff\u00ff\u00ff\u00ff\u00ff\u00ff\u00ff\u00ff\u00ff\u00ff\u00ff\u00ff\u00ff\u00ff\u00ff\u00ff\u00ff\u00ff\u00ff\u00ff\u00ff\u00ff\u00ff\u00ff\u00ff\u00ff\u00ff\u00ff\u00ff\u00ff\u00ff\u00ff\u00ff\u00ff\u00ff\u00ff\u00ff\u00ff\u00ff\u00ff\u00ff\u00ff\u00ff\u00ff\u00ff\u00ff\u00ff\u00ff\u00ff\u00ff\u00ff\u00ff\u00ff\u00ff\u00ff\u00ff\u00ff\u00ff\u00ff\u00ff\u00ff\u00ff\u00ff\u00ff\u00ff\u00ff\u00ff\u00ff\u00ff\u00ff\u00ff\u00ff\u00ff\u00ff\u00ff\u00ff\u00ff\u00ff\u00ff\u00ff\u00ff\u00ff\u00ff\u00ff\u00ff\u00ff\u00ff\u00ff\u00ff\u00ff\u00ff\u00ff\u00ff\u00ff\u00ff\u00ff\u00ff\u00ff\u00ff\u00ff\u00ff\u00ff\u00ff\u00ff\u00ff\u00ff\u00ff\u00ff\u00ff\u00ff\u00ff\u00ff\u00ff\u00ff\u00ff\u00ff\u00ff\u00ff\u00ff\u00ff\u00ff\u00ff\u00ff\u00ff\u00ff\u00ff\u00ff\u00ff\u00ff\u00ff\u00ff\u00ff\u00ff\u00ff\u00ff\u00ff\u00ff\u00ff\u00ff\u00ff\u00ff\u00ff\u00ff\u00ff\u00ff\u00ff\u00ff\u00ff\u00ff\u00ff\u00ff\u00ff\u00ff\u00ff\u00ff\u00ff\u00ff\u00ff\u00ff\u00ff\u00ff\u00ff\u00ff\u00ff\u00ff\u00ff\u00ff\u00ff\u00ff\u00ff\u00ff\u00ff\u00ff\u00ff\u00ff\u00ff\u00ff\u00ff\u00ff\u00ff\u00ff\u00ff\u00ff\u00ff\u00ff\u00ff\u00ff\u00ff\u00ff\u00ff\u00ff\u00ff\u00ff\u00ff\u00ff\u00ff\u00ff\u00ff\u00ff\u00ff\u00ff\u00ff\u00ff\u00ff\u00ff\u00ff\u00ff\u00ff\u00ff\u00ff\u00ff\u00ff\u00ff\u00ec\u00a5\u00c1[\u00e0 \u00a0 \u00a0 \u00a0 \u00a0\u00f8\u00bf\u00e9\u00b3bjbj E\u008epa!!Yc\u00ff\u00ff\u00ff\u00ff\u00ff\u00ff\u00b7\u00ec%\u00ec%s3\u00875h\u00ef6\u00ef6\u00ef6\u00ff\u00ff\u00ff\u00ff77787$_;L7\u0098\u00abB:\u00e5B.CCC\u00eeC\u0080nE\u00acFX\u0089\u008b\u008b\u008b\u008b\u008b\u008b$\u00a2\u00b6X\u0092\u00af\u00ef6rF\u00eeC\u00eeCrFrF\u00af\u00ef6\u00ef6CC\u00db\u00c4IIIrF4\u00ef6C\u00ef6C\u0089IrF\u0089II\u00e2)\u00fe\u00a5C\u00ff\u00ff\u00ff\u00ff\u00b0R\u00e3\u00ae\"\u0094\u00d5\u00ff\u00ff\u00ff\u00ff\u00a6F\u0082E\u0096u\u00da0\u00db\u00ca\u00ea(G*\u00ea,\u00a5\u00ea\u00ef6\u00a5\u00d0rFrFIrFrFrFrFrF\u00af\u00afRH\u00c4rFrFrFrFrFrFrF\u00ff\u00ff\u00ff\u00ff\u00ff\u00ff\u00ff\u00ff\u00ff\u00ff\u00ff\u00ff\u00ff\u00ff\u00ff\u00ff\u00ff\u00ff\u00ff\u00ff\u00ff\u00ff\u00ff\u00ff\u00ff\u00ff\u00ff\u00ff\u00ff\u00ff\u00ff\u00ff\u00ff\u00ff\u00ff\u00ff\u00ff\u00ff\u00ff\u00ff\u00ff\u00ff\u00ff\u00ff\u00ff\u00ff\u00ff\u00ff\u00ff\u00ff\u00ff\u00ff\u00ff\u00ff\u00ff\u00ff\u00ff\u00ff\u00ff\u00ff\u00ff\u00ff\u00ff\u00ff\u00ff\u00ff\u00ff\u00ff\u00earFrFrFrFrFrFrFrFrF\u00ec%M 92: Sentencia SU-913\/09ACCION DE TUTELA-Competencia de la Corte Constitucional para su eventual revisi\u00f3n REVISION DE SENTENCIAS DE TUTELA-Funciones que se cumplenLa revisi\u00f3n por parte de la Corte cobra sentido en la medida que se protejan derechos constitucionales y se unifiquen los criterios que servir\u00e1n de fundamento a dicha protecci\u00f3n, es decir, que la facultad de revisi\u00f3n tiene como prop\u00f3sito edificar jurisprudencia a partir de casos paradigm\u00e1ticos, con la cual se dote de contenido a los principios, postulados, preceptos y reglas contenidas en la Constituci\u00f3n Politica, de manera que se ...<br \/><div class=\"pt-cv-rmwrap\"><a href=\"https:\/\/www.dmsjuridica.com\/buscador_20179478954\/corteconstitucionalcronologico202454587\/su913-09\/\" class=\"_self pt-cv-readmore btn btn-success\" target=\"_self\">Ver Sentencia Completa...<\/a><\/div><\/div><\/div><\/div>\n<div class=\"col-md-12 col-sm-12 col-xs-12 pt-cv-content-item pt-cv-1-col\" ><div class='pt-cv-ifield'><a href=\"https:\/\/www.dmsjuridica.com\/buscador_20179478954\/corteconstitucionalcronologico202454587\/su811-09-2\/\" class=\"_self pt-cv-href-thumbnail pt-cv-thumb-default\" target=\"_self\" ><\/a>\n<div class=\"pt-cv-taxoterm above_title\"><a href='https:\/\/www.dmsjuridica.com\/buscador_20179478954\/corteconstitucionalcronologico202454587\/category\/buscar-en-toda-la-corte\/2011\/sentencias-de-unificacion-2011\/' title='Sentencias de Unificaci\u00f3n 2011' class='pt-cv-tax-sentencias-de-unificacion-2011'>Sentencias de Unificaci\u00f3n 2011<\/a><\/div>\n<h4 class=\"pt-cv-title\"><a href=\"https:\/\/www.dmsjuridica.com\/buscador_20179478954\/corteconstitucionalcronologico202454587\/su811-09-2\/\" class=\"_self\" target=\"_self\" >SU811-09<\/a><\/h4>\n<div class=\"pt-cv-content\">\u00a0 \u00a0 Sentencia SU.811\/09 \u00a0 ACCION DE TUTELA CONTRA PROVIDENCIAS JUDICIALES-Procedencia excepcional \u00a0 ACCION DE TUTELA CONTRA PROVIDENCIAS JUDICIALES-L\u00ednea jurisprudencial \u00a0 ACCION DE TUTELA CONTRA PROVIDENCIAS JUDICIALES-Requisitos generales \u00a0 ACCION DE TUTELA CONTRA PROVIDENCIAS JUDICIALES-Clases de defectos \u00a0 PRINCIPIO DE LA DOBLE INSTANCIA EN PROCESO PENAL-Excepci\u00f3n a fueros especiales\/PROCESO PENAL DE UNICA INSTANCIA-Fueros especiales \u00a0 FUERO CONSTITUCIONAL DE LOS CONGRESISTAS-Respaldo en la jurisprudencia nacional y en los ordenamientos y la doctrina for\u00e1neos \u00a0 FUERO DEL CONGRESISTA-Naturaleza y finalidad \u00a0 SUPREMA DE JUSTICIA-Competencia para investigar y juzgar a Congresistas \u00a0 JUZGAMIENTO DE CONGRESISTAS POR LA CORTE SUPREMA DE JUSTICIA-Juzgamiento en \u00fanica ...<br \/><div class=\"pt-cv-rmwrap\"><a href=\"https:\/\/www.dmsjuridica.com\/buscador_20179478954\/corteconstitucionalcronologico202454587\/su811-09-2\/\" class=\"_self pt-cv-readmore btn btn-success\" target=\"_self\">Ver Sentencia Completa...<\/a><\/div><\/div><\/div><\/div>\n<div class=\"col-md-12 col-sm-12 col-xs-12 pt-cv-content-item pt-cv-1-col\" ><div class='pt-cv-ifield'><a href=\"https:\/\/www.dmsjuridica.com\/buscador_20179478954\/corteconstitucionalcronologico202454587\/su691-11\/\" class=\"_self pt-cv-href-thumbnail pt-cv-thumb-default\" target=\"_self\" ><\/a>\n<div class=\"pt-cv-taxoterm above_title\"><a href='https:\/\/www.dmsjuridica.com\/buscador_20179478954\/corteconstitucionalcronologico202454587\/category\/buscar-en-toda-la-corte\/2011\/sentencias-de-unificacion-2011\/' title='Sentencias de Unificaci\u00f3n 2011' class='pt-cv-tax-sentencias-de-unificacion-2011'>Sentencias de Unificaci\u00f3n 2011<\/a><\/div>\n<h4 class=\"pt-cv-title\"><a href=\"https:\/\/www.dmsjuridica.com\/buscador_20179478954\/corteconstitucionalcronologico202454587\/su691-11\/\" class=\"_self\" target=\"_self\" >SU691-11<\/a><\/h4>\n<div class=\"pt-cv-content\">\u00a0 \u00a0 Sentencia SU-691\/11 \u00a0 CARGOS DE CARRERA EN PROVISIONALIDAD DEL SENA Y FISCALIA GENERAL DE LA NACION-Desvinculaci\u00f3n mediante acto administrativo carente de motivaci\u00f3n \u00a0 ACCION DE TUTELA CONTRA PROVIDENCIAS JUDICIALES POR FALTA DE MOTIVACION DE ACTOS DE DESVINCULACION DE FUNCIONARIOS NOMBRADOS EN PROVISIONALIDAD EN CARGOS DE CARRERA-Reiteraci\u00f3n sentencia SU917\/10 \u00a0 ACCION DE TUTELA CONTRA PROVIDENCIAS JUDICIALES POR FALTA DE MOTIVACION DE ACTOS DE DESVINCULACION DE FUNCIONARIOS NOMBRADOS EN PROVISIONALIDAD EN CARGOS DE CARRERA-Procedencia \u00a0 REGIMEN ESPECIAL DE CARRERA DE LA FISCALIA GENERAL DE LA NACION-Deber de motivar actos de insubsistencia de nombramientos en provisionalidad \u00a0 MOTIVACION DE ACTOS DE ...<br \/><div class=\"pt-cv-rmwrap\"><a href=\"https:\/\/www.dmsjuridica.com\/buscador_20179478954\/corteconstitucionalcronologico202454587\/su691-11\/\" class=\"_self pt-cv-readmore btn btn-success\" target=\"_self\">Ver Sentencia Completa...<\/a><\/div><\/div><\/div><\/div>\n<div class=\"col-md-12 col-sm-12 col-xs-12 pt-cv-content-item pt-cv-1-col\" ><div class='pt-cv-ifield'><a href=\"https:\/\/www.dmsjuridica.com\/buscador_20179478954\/corteconstitucionalcronologico202454587\/su448-11\/\" class=\"_self pt-cv-href-thumbnail pt-cv-thumb-default\" target=\"_self\" ><\/a>\n<div class=\"pt-cv-taxoterm above_title\"><a href='https:\/\/www.dmsjuridica.com\/buscador_20179478954\/corteconstitucionalcronologico202454587\/category\/buscar-en-toda-la-corte\/2011\/sentencias-de-unificacion-2011\/' title='Sentencias de Unificaci\u00f3n 2011' class='pt-cv-tax-sentencias-de-unificacion-2011'>Sentencias de Unificaci\u00f3n 2011<\/a><\/div>\n<h4 class=\"pt-cv-title\"><a href=\"https:\/\/www.dmsjuridica.com\/buscador_20179478954\/corteconstitucionalcronologico202454587\/su448-11\/\" class=\"_self\" target=\"_self\" >SU448-11<\/a><\/h4>\n<div class=\"pt-cv-content\">\u00a0 \u00a0 SENTENCIA SU-448\/11 \u00a0 (26 de mayo) \u00a0 ACCION DE TUTELA CONTRA PROVIDENCIAS JUDIDIALES-Causales gen\u00e9ricas de procedibilidad \u00a0 En la Sentencia C-590 de 2005 se fijaron como requisitos generales para la procedibilidad de la acci\u00f3n de tutela contra decisiones judiciales, cuya existencia debe ser verificada por el juez de amparo, los siguientes: (i) Que el asunto que se discuta implique una evidente relevancia constitucional que afecta derechos fundamentales de las partes.; (ii) Que se hayan agotado todos los medios de defensa judicial ordinarios o extraordinarios \u00a0excepto cuando lo que se pretende es evitar la consumaci\u00f3n de un perjuicio irremediable; ...<br \/><div class=\"pt-cv-rmwrap\"><a href=\"https:\/\/www.dmsjuridica.com\/buscador_20179478954\/corteconstitucionalcronologico202454587\/su448-11\/\" class=\"_self pt-cv-readmore btn btn-success\" target=\"_self\">Ver Sentencia Completa...<\/a><\/div><\/div><\/div><\/div>\n<div class=\"col-md-12 col-sm-12 col-xs-12 pt-cv-content-item pt-cv-1-col\" ><div class='pt-cv-ifield'><a href=\"https:\/\/www.dmsjuridica.com\/buscador_20179478954\/corteconstitucionalcronologico202454587\/su447-11\/\" class=\"_self pt-cv-href-thumbnail pt-cv-thumb-default\" target=\"_self\" ><\/a>\n<div class=\"pt-cv-taxoterm above_title\"><a href='https:\/\/www.dmsjuridica.com\/buscador_20179478954\/corteconstitucionalcronologico202454587\/category\/buscar-en-toda-la-corte\/2011\/sentencias-de-unificacion-2011\/' title='Sentencias de Unificaci\u00f3n 2011' class='pt-cv-tax-sentencias-de-unificacion-2011'>Sentencias de Unificaci\u00f3n 2011<\/a><\/div>\n<h4 class=\"pt-cv-title\"><a href=\"https:\/\/www.dmsjuridica.com\/buscador_20179478954\/corteconstitucionalcronologico202454587\/su447-11\/\" class=\"_self\" target=\"_self\" >SU447-11<\/a><\/h4>\n<div class=\"pt-cv-content\">\u00a0 \u00a0 Sentencia SU.447\/11 \u00a0 \u00a0\u00a0 1. de Mayo) \u00a0 \u00a0 ACCION DE TUTELA CONTRA PROVIDENCIAS JUDICIALES-Legitimidad por activa de entidades del Estado \u00a0 CADUCIDAD DE LA ACCION DE NULIDAD Y RESTABLECIMIENTO DEL DERECHO-Su existencia determina la ocurrencia de una v\u00eda de hecho por defecto sustantivo y procedimental \u00a0 PERSONA-Alcance de la expresi\u00f3n contenida en el art\u00edculo 86 de la Constituci\u00f3n Pol\u00edtica\/PERSONA JURIDICA-Titularidad de derechos fundamentales que pueden ser protegidos a trav\u00e9s de la acci\u00f3n de tutela \u00a0 Esta Corte ha insistido, que el t\u00e9rmino \"persona\" inserto en el art\u00edculo 86 de la constituci\u00f3n Pol\u00edtica, comprende tanto \u00a0a las personas ...<br \/><div class=\"pt-cv-rmwrap\"><a href=\"https:\/\/www.dmsjuridica.com\/buscador_20179478954\/corteconstitucionalcronologico202454587\/su447-11\/\" class=\"_self pt-cv-readmore btn btn-success\" target=\"_self\">Ver Sentencia Completa...<\/a><\/div><\/div><\/div><\/div>\n<div class=\"col-md-12 col-sm-12 col-xs-12 pt-cv-content-item pt-cv-1-col\" ><div class='pt-cv-ifield'><a href=\"https:\/\/www.dmsjuridica.com\/buscador_20179478954\/corteconstitucionalcronologico202454587\/su446-11\/\" class=\"_self pt-cv-href-thumbnail pt-cv-thumb-default\" target=\"_self\" ><\/a>\n<div class=\"pt-cv-taxoterm above_title\"><a href='https:\/\/www.dmsjuridica.com\/buscador_20179478954\/corteconstitucionalcronologico202454587\/category\/buscar-en-toda-la-corte\/2011\/sentencias-de-unificacion-2011\/' title='Sentencias de Unificaci\u00f3n 2011' class='pt-cv-tax-sentencias-de-unificacion-2011'>Sentencias de Unificaci\u00f3n 2011<\/a><\/div>\n<h4 class=\"pt-cv-title\"><a href=\"https:\/\/www.dmsjuridica.com\/buscador_20179478954\/corteconstitucionalcronologico202454587\/su446-11\/\" class=\"_self\" target=\"_self\" >SU446-11<\/a><\/h4>\n<div class=\"pt-cv-content\">* \u00d0\u00cf\u00e0\u00a1\u00b1\u00e1&gt;\u00fe\u00ff \u00a0 \u00a0 \u00a0 \u00a0HJ\u00fe\u00ff\u00ff\u00ffABCDEFG\u00ff\u00ff\u00ff\u00ff\u00ff\u00ff\u00ff\u00ff\u00ff\u00ff\u00ff\u00ff\u00ff\u00ff\u00ff\u00ff\u00ff\u00ff\u00ff\u00ff\u00ff\u00ff\u00ff\u00ff\u00ff\u00ff\u00ff\u00ff\u00ff\u00ff\u00ff\u00ff\u00ff\u00ff\u00ff\u00ff\u00ff\u00ff\u00ff\u00ff\u00ff\u00ff\u00ff\u00ff\u00ff\u00ff\u00ff\u00ff\u00ff\u00ff\u00ff\u00ff\u00ff\u00ff\u00ff\u00ff\u00ff\u00ff\u00ff\u00ff\u00ff\u00ff\u00ff\u00ff\u00ff\u00ff\u00ff\u00ff\u00ff\u00ff\u00ff\u00ff\u00ff\u00ff\u00ff\u00ff\u00ff\u00ff\u00ff\u00ff\u00ff\u00ff\u00ff\u00ff\u00ff\u00ff\u00ff\u00ff\u00ff\u00ff\u00ff\u00ff\u00ff\u00ff\u00ff\u00ff\u00ff\u00ff\u00ff\u00ff\u00ff\u00ff\u00ff\u00ff\u00ff\u00ff\u00ff\u00ff\u00ff\u00ff\u00ff\u00ff\u00ff\u00ff\u00ff\u00ff\u00ff\u00ff\u00ff\u00ff\u00ff\u00ff\u00ff\u00ff\u00ff\u00ff\u00ff\u00ff\u00ff\u00ff\u00ff\u00ff\u00ff\u00ff\u00ff\u00ff\u00ff\u00ff\u00ff\u00ff\u00ff\u00ff\u00ff\u00ff\u00ff\u00ff\u00ff\u00ff\u00ff\u00ff\u00ff\u00ff\u00ff\u00ff\u00ff\u00ff\u00ff\u00ff\u00ff\u00ff\u00ff\u00ff\u00ff\u00ff\u00ff\u00ff\u00ff\u00ff\u00ff\u00ff\u00ff\u00ff\u00ff\u00ff\u00ff\u00ff\u00ff\u00ff\u00ff\u00ff\u00ff\u00ff\u00ff\u00ff\u00ff\u00ff\u00ff\u00ff\u00ff\u00ff\u00ff\u00ff\u00ff\u00ff\u00ff\u00ff\u00ff\u00ff\u00ff\u00ff\u00ff\u00ff\u00ff\u00ff\u00ff\u00ff\u00ff\u00ff\u00ff\u00ff\u00ff\u00ff\u00ff\u00ff\u00ff\u00ff\u00ff\u00ff\u00ff\u00ff\u00ff\u00ff\u00ff\u00ff\u00ff\u00ff\u00ff\u00ff\u00ff\u00ff\u00ff\u00ff\u00ff\u00ff\u00ff\u00ff\u00ff\u00ff\u00ff\u00ff\u00ff\u00ff\u00ff\u00ff\u00ff\u00ff\u00ff\u00ff\u00ff\u00ff\u00ff\u00ff\u00ff\u00ff\u00ff\u00ff\u00ff\u00ff\u00ff\u00ff\u00ff\u00ff\u00ff\u00ff\u00ff\u00ff\u00ff\u00ff\u00ff\u00ff\u00ff\u00ff\u00ff\u00ff\u00ff\u00ff\u00ff\u00ff\u00ff\u00ff\u00ff\u00ff\u00ff\u00ff\u00ff\u00ff\u00ff\u00ff\u00ff\u00ff\u00ff\u00ff\u00ff\u00ff\u00ff\u00ff\u00ff\u00ff\u00ff\u00ff\u00ff\u00ff\u00ff\u00ff\u00ff\u00ff\u00ff\u00ff\u00ff\u00ff\u00ff\u00ff\u00ff\u00ff\u00ff\u00ff\u00ff\u00ff\u00ff\u00ff\u00ff\u00ff\u00ff\u00ff\u00ff\u00ff\u00ff\u00ff\u00ff\u00ff\u00ff\u00ff\u00ff\u00ff\u00ff\u00ff\u00ff\u00ff\u00ff\u00ff\u00ff\u00ff\u00ff\u00ff\u00ff\u00ff\u00ff\u00ff\u00ff\u00ff\u00ff\u00ff\u00ff\u00ff\u00ff\u00ff\u00ff\u00ff\u00ff\u00ff\u00ff\u00ff\u00ff\u00ff\u00ff\u00ff\u00ff\u00ff\u00ff\u00ff\u00ff\u00ff\u00ff\u00ff\u00ff\u00ff\u00ff\u00ff\u00ff\u00ff\u00ff\u00ff\u00ff\u00ff\u00ff\u00ff\u00ff\u00ff\u00ff\u00ff\u00ff\u00ff\u00ff\u00ff\u00ff\u00ff\u00ff\u00ff\u00ff\u00ff\u00ff\u00ff\u00ff\u00ff\u00ff\u00ff\u00ff\u00ff\u00ec\u00a5\u00c1O \u00a0 \u00a0 \u00a0 \u00a0\u00f0\u00bfI\u0083bjbjJJ \u009d\u00deq \u0088eq \u0088e\u00acNq,+\u00ff\u00ff\u00ff\u00ff\u00ff\u00ff\u00b7\u00e2'\u00e2'06\u00ea8Lf9f9f9$\u00ff\u00ff\u00ff\u00ff\u008a9\u008a9\u008a9P\u00da9\u00a4~;\u00cc\u008a99bJ?J?`?v?v?Q@6\u0087@$\u00ab@\u00b8a\u00baa\u00baa\u00baa\u00baa\u00baa\u00baa$Ae\u00b6\u00f7g\u0098\u00deaf9F\u00ccQ@Q@F\u00ccF\u00cc\u00deaf9f9v?v?\u00db\u00f3a\u00ce\u00ce\u00ceF\u00cc4f9v?f9v?\u00b8a\u00ceF\u00cc\u00b8a\u00ce\u00ce\u00c2\u00feD\u00c6\u00ffv?\u00ff\u00ff\u00ff\u00ff\u00b0\u00e9~\u00e6\u00f5\u00d5\u00ff\u00ff\u00ff\u00ffz\u00cc\u00e2V\u00ff&amp;\u00a4a \u00a0 \u00a0 \u00a0 \u00a0b09b|\u00ffJ\u008fh4\u008fhL\u00c6\u00ff\u00c6\u00ff\u00e2\u008fhf9\u00a8\u00fcY\u00bf@8(\u00f7h\u00ba\u00ce\u00b1\u0085\u00fc\u00ad\u009c\u0099\/\u00bf@\u00bf@\u00bf@\u00dea\u00dea\u0090\u00cd\u0088\u00bf@\u00bf@\u00bf@9bF\u00ccF\u00ccF\u00ccF\u00cc\u00ff\u00ff\u00ff\u00ff\u00ff\u00ff\u00ff\u00ff\u00ff\u00ff\u00ff\u00ff\u00ff\u00ff\u00ff\u00ff\u00ff\u00ff\u00ff\u00ff\u00ff\u00ff\u00ff\u00ff\u00ff\u00ff\u00ff\u00ff\u00ff\u00ff\u00ff\u00ff\u00ff\u00ff\u00ff\u00ff\u00ff\u00ff\u00ff\u00ff\u00ff\u00ff\u00ff\u00ff\u00ff\u00ff\u00ff\u00ff\u00ff\u00ff\u00ff\u00ff\u00ff\u00ff\u00ff\u00ff\u00ff\u00ff\u00ff\u00ff\u00ff\u00ff\u00ff\u00ff\u00ff\u00ff\u00ff\u00ff\u008fh\u00bf@\u00bf@\u00bf@\u00bf@\u00bf@\u00bf@\u00bf@\u00bf@\u00bf@\u00e2'\u00f64:$Sentencia SU446\/11SISTEMA DE CARRERA ADMINISTRATIVA-Importancia como pilar fundamental de EstadoLa importancia de la carrera administrativa como pilar del Estado Social de Derecho, se puso de relieve por esta Corporaci\u00f3n en la sentencia C-588 de 2009, al declarar la inexequibilidad del Acto Legislativo No 01 de 2008, que suspend\u00eda por el t\u00e9rmino de tres a\u00f1os la vigencia del art\u00edculo 125 constitucional. En el mencionado pronunciamiento se indic\u00f3 que el sistema de carrera administrativa tiene como soporte principios y fundamentos propios de la definici\u00f3n de Estado ...<br \/><div class=\"pt-cv-rmwrap\"><a href=\"https:\/\/www.dmsjuridica.com\/buscador_20179478954\/corteconstitucionalcronologico202454587\/su446-11\/\" class=\"_self pt-cv-readmore btn btn-success\" target=\"_self\">Ver Sentencia Completa...<\/a><\/div><\/div><\/div><\/div>\n<div class=\"col-md-12 col-sm-12 col-xs-12 pt-cv-content-item pt-cv-1-col\" ><div class='pt-cv-ifield'><a href=\"https:\/\/www.dmsjuridica.com\/buscador_20179478954\/corteconstitucionalcronologico202454587\/su339-11\/\" class=\"_self pt-cv-href-thumbnail pt-cv-thumb-default\" target=\"_self\" ><\/a>\n<div class=\"pt-cv-taxoterm above_title\"><a href='https:\/\/www.dmsjuridica.com\/buscador_20179478954\/corteconstitucionalcronologico202454587\/category\/buscar-en-toda-la-corte\/2011\/sentencias-de-unificacion-2011\/' title='Sentencias de Unificaci\u00f3n 2011' class='pt-cv-tax-sentencias-de-unificacion-2011'>Sentencias de Unificaci\u00f3n 2011<\/a><\/div>\n<h4 class=\"pt-cv-title\"><a href=\"https:\/\/www.dmsjuridica.com\/buscador_20179478954\/corteconstitucionalcronologico202454587\/su339-11\/\" class=\"_self\" target=\"_self\" >SU339-11<\/a><\/h4>\n<div class=\"pt-cv-content\">\u00a0 \u00a0 Sentencia SU-339\/11 \u00a0 DIRECTOR EJECUTIVO DE ADMINISTRACION JUDICIAL-Proceso de selecci\u00f3n \u00a0 ACCION DE TUTELA-Car\u00e1cter residual\/ACCION DE TUTELA FRENTE A MEDIO DE DEFENSA JUDICIAL-Procedencia excepcional como mecanismo transitorio para evitar un perjuicio irremediable \u00a0 ACCION DE TUTELA CONTRA ACTOS ADMINISTRATIVOS-Procedencia cuando los mecanismos ordinarios no proporcionan una eficaz y pronta protecci\u00f3n a los derechos que se pretenden salvaguardar\/MEDIO DE DEFENSA JUDICIAL-Formas de amparo por juez de tutela ante falta de protecci\u00f3n eficaz y completa \u00a0 La jurisprudencia constitucional ha se\u00f1alado que, en trat\u00e1ndose de actos administrativos, antes de acudir al mecanismo de protecci\u00f3n constitucional se deben agotar las v\u00edas ...<br \/><div class=\"pt-cv-rmwrap\"><a href=\"https:\/\/www.dmsjuridica.com\/buscador_20179478954\/corteconstitucionalcronologico202454587\/su339-11\/\" class=\"_self pt-cv-readmore btn btn-success\" target=\"_self\">Ver Sentencia Completa...<\/a><\/div><\/div><\/div><\/div><\/div><\/div><\/div>\n","protected":false},"excerpt":{"rendered":"","protected":false},"author":1,"featured_media":0,"parent":0,"menu_order":0,"comment_status":"closed","ping_status":"closed","template":"","meta":{"footnotes":""},"class_list":["post-29698","page","type-page","status-publish","hentry"],"_links":{"self":[{"href":"https:\/\/www.dmsjuridica.com\/buscador_20179478954\/corteconstitucionalcronologico202454587\/wp-json\/wp\/v2\/pages\/29698","targetHints":{"allow":["GET"]}}],"collection":[{"href":"https:\/\/www.dmsjuridica.com\/buscador_20179478954\/corteconstitucionalcronologico202454587\/wp-json\/wp\/v2\/pages"}],"about":[{"href":"https:\/\/www.dmsjuridica.com\/buscador_20179478954\/corteconstitucionalcronologico202454587\/wp-json\/wp\/v2\/types\/page"}],"author":[{"embeddable":true,"href":"https:\/\/www.dmsjuridica.com\/buscador_20179478954\/corteconstitucionalcronologico202454587\/wp-json\/wp\/v2\/users\/1"}],"replies":[{"embeddable":true,"href":"https:\/\/www.dmsjuridica.com\/buscador_20179478954\/corteconstitucionalcronologico202454587\/wp-json\/wp\/v2\/comments?post=29698"}],"version-history":[{"count":1,"href":"https:\/\/www.dmsjuridica.com\/buscador_20179478954\/corteconstitucionalcronologico202454587\/wp-json\/wp\/v2\/pages\/29698\/revisions"}],"predecessor-version":[{"id":29699,"href":"https:\/\/www.dmsjuridica.com\/buscador_20179478954\/corteconstitucionalcronologico202454587\/wp-json\/wp\/v2\/pages\/29698\/revisions\/29699"}],"wp:attachment":[{"href":"https:\/\/www.dmsjuridica.com\/buscador_20179478954\/corteconstitucionalcronologico202454587\/wp-json\/wp\/v2\/media?parent=29698"}],"curies":[{"name":"wp","href":"https:\/\/api.w.org\/{rel}","templated":true}]}}