{"id":5278,"date":"2025-02-14T10:25:09","date_gmt":"2025-02-14T15:25:09","guid":{"rendered":"https:\/\/www.dmsjuridica.com\/buscador_20179478954\/legislacion\/leyes\/?page_id=5278"},"modified":"2025-02-14T10:25:13","modified_gmt":"2025-02-14T15:25:13","slug":"leyes-2016","status":"publish","type":"page","link":"https:\/\/www.dmsjuridica.com\/buscador_20179478954\/legislacion\/leyes\/leyes-2016\/","title":{"rendered":"Leyes 2016"},"content":{"rendered":"<div class=\"pt-cv-wrapper\"><div class=\"pt-cv-view pt-cv-grid pt-cv-colsys\" id=\"pt-cv-view-dcc3b9fr7f\"><div data-id=\"pt-cv-page-1\" class=\"pt-cv-page\" data-cvc=\"1\"><div class=\"col-md-12 col-sm-12 col-xs-12 pt-cv-content-item pt-cv-1-col\" ><div class='pt-cv-ifield'><div class=\"pt-cv-taxoterm above_title\"><a href='https:\/\/www.dmsjuridica.com\/buscador_20179478954\/legislacion\/leyes\/category\/buscar-en-todos-los-anos\/leyes-2026\/' title='Leyes 2026' class='pt-cv-tax-leyes-2026'>Leyes 2026<\/a><\/div>\n<h4 class=\"pt-cv-title\"><a href=\"https:\/\/www.dmsjuridica.com\/buscador_20179478954\/legislacion\/leyes\/2026\/04\/01\/ley-2570-de-2026\/\" class=\"_self\" target=\"_self\" >LEY 2570 DE 2026<\/a><\/h4>\n<div class=\"pt-cv-content\">LEY No. 2570 DEL 27 DE MARZO DE 2026POR MEDIO DE LA CUAL SE MODIFICA LA LEY 270 DE 1996, SE DETERMINA LA INTEGRACI\u00d3N Y ESTRUCTURA DE LA JURISDICCI\u00d3N AGRARIA Y RURAL, Y SE ADOPTAN OTRAS DISPOSICIONES LEY No. 2570 DEL 27 DE MARZO DE 2026Descargar ...<br \/><div class=\"pt-cv-rmwrap\"><a href=\"https:\/\/www.dmsjuridica.com\/buscador_20179478954\/legislacion\/leyes\/2026\/04\/01\/ley-2570-de-2026\/\" class=\"_self pt-cv-readmore btn btn-success\" target=\"_self\">Leer M\u00e1s<\/a><\/div><\/div><\/div><\/div>\n<div class=\"col-md-12 col-sm-12 col-xs-12 pt-cv-content-item pt-cv-1-col\" ><div class='pt-cv-ifield'><div class=\"pt-cv-taxoterm above_title\"><a href='https:\/\/www.dmsjuridica.com\/buscador_20179478954\/legislacion\/leyes\/category\/buscar-en-todos-los-anos\/leyes-2026\/' title='Leyes 2026' class='pt-cv-tax-leyes-2026'>Leyes 2026<\/a><\/div>\n<h4 class=\"pt-cv-title\"><a href=\"https:\/\/www.dmsjuridica.com\/buscador_20179478954\/legislacion\/leyes\/2026\/03\/24\/5834\/\" class=\"_self\" target=\"_self\" >LEY 2569 DE 2026<\/a><\/h4>\n<div class=\"pt-cv-content\">LEY No. 2569 DEL 17 DE MARZO DE 2026\"POR MEDIO DEL CUAL SE APRUEBA LA \"CONVENCI\u00d3N INTERNACIONAL CONTRA EL RECLUTAMIENTO, LA UTILIZACI\u00d3N, LA FINANCIACI\u00d3N Y EL ENTRENAMIENTO DE MERCENARIOS\" APROBADA POR LA ASAMBLEA GENERAL DE LAS NACIONES UNIDAS EL 4 DE DICIEMBRE DE 1989\". LEY No. 2569 DEL 17 DE MARZO DE 2026Descargar ...<br \/><div class=\"pt-cv-rmwrap\"><a href=\"https:\/\/www.dmsjuridica.com\/buscador_20179478954\/legislacion\/leyes\/2026\/03\/24\/5834\/\" class=\"_self pt-cv-readmore btn btn-success\" target=\"_self\">Leer M\u00e1s<\/a><\/div><\/div><\/div><\/div>\n<div class=\"col-md-12 col-sm-12 col-xs-12 pt-cv-content-item pt-cv-1-col\" ><div class='pt-cv-ifield'><div class=\"pt-cv-taxoterm above_title\"><a href='https:\/\/www.dmsjuridica.com\/buscador_20179478954\/legislacion\/leyes\/category\/buscar-en-todos-los-anos\/leyes-2026\/' title='Leyes 2026' class='pt-cv-tax-leyes-2026'>Leyes 2026<\/a><\/div>\n<h4 class=\"pt-cv-title\"><a href=\"https:\/\/www.dmsjuridica.com\/buscador_20179478954\/legislacion\/leyes\/2026\/02\/26\/ley-2568-de-2026\/\" class=\"_self\" target=\"_self\" >LEY 2568 DE 2026<\/a><\/h4>\n<div class=\"pt-cv-content\">LEY 2568 DE 2026 (febrero 19) D.O. 53.403, febrero 19 de 2026 por la cual se modifica parcialmente el cap\u00edtulo V del t\u00edtulo III de la Ley 30 de 1992 y se dictan otras disposiciones. El Congreso de Colombia DECRETA: Art\u00edculo 1\u00b0. Objeto. La presente ley tiene por objeto modificar parcialmente el Cap\u00edtulo V del T\u00edtulo III de la Ley 30 de 1992, con relaci\u00f3n a los art\u00edculos 86 y 87 de la Ley 30 de 1992, para financiar los presupuestos de las universidades estatales u oficiales, adscritas o vinculadas administrativa o presupuestalmente al sector educaci\u00f3n, as\u00ed como adicionar disposiciones ...<br \/><div class=\"pt-cv-rmwrap\"><a href=\"https:\/\/www.dmsjuridica.com\/buscador_20179478954\/legislacion\/leyes\/2026\/02\/26\/ley-2568-de-2026\/\" class=\"_self pt-cv-readmore btn btn-success\" target=\"_self\">Leer M\u00e1s<\/a><\/div><\/div><\/div><\/div>\n<div class=\"col-md-12 col-sm-12 col-xs-12 pt-cv-content-item pt-cv-1-col\" ><div class='pt-cv-ifield'><div class=\"pt-cv-taxoterm above_title\"><a href='https:\/\/www.dmsjuridica.com\/buscador_20179478954\/legislacion\/leyes\/category\/buscar-en-todos-los-anos\/leyes-2026\/' title='Leyes 2026' class='pt-cv-tax-leyes-2026'>Leyes 2026<\/a><\/div>\n<h4 class=\"pt-cv-title\"><a href=\"https:\/\/www.dmsjuridica.com\/buscador_20179478954\/legislacion\/leyes\/2026\/02\/26\/ley-2567-de-2026\/\" class=\"_self\" target=\"_self\" >LEY 2567 DE 2026<\/a><\/h4>\n<div class=\"pt-cv-content\">LEY 2567 DE 2026 (febrero 19) D.O. 53.403, febrero 19 de 2026 por medio de la cual la Rep\u00fablica de Colombia rinde p\u00fablico homenaje a las v\u00edctimas de la Guerra de los Mil D\u00edas, se exalta la Bas\u00edlica Menor del Voto Nacional como signo de reconciliaci\u00f3n y de paz, y se dictan otras disposiciones. El Congreso de Colombia DECRETA: Art\u00edculo 1\u00ba. Objeto. La presente ley busca que la Rep\u00fablica de Colombia rinda p\u00fablico homenaje y se asocie al reconocimiento de las v\u00edctimas de la Guerra de los Mil D\u00edas, as\u00ed como exaltar la Bas\u00edlica Menor del Sagrado Coraz\u00f3n de Jes\u00fas ...<br \/><div class=\"pt-cv-rmwrap\"><a href=\"https:\/\/www.dmsjuridica.com\/buscador_20179478954\/legislacion\/leyes\/2026\/02\/26\/ley-2567-de-2026\/\" class=\"_self pt-cv-readmore btn btn-success\" target=\"_self\">Leer M\u00e1s<\/a><\/div><\/div><\/div><\/div>\n<div class=\"col-md-12 col-sm-12 col-xs-12 pt-cv-content-item pt-cv-1-col\" ><div class='pt-cv-ifield'><div class=\"pt-cv-taxoterm above_title\"><a href='https:\/\/www.dmsjuridica.com\/buscador_20179478954\/legislacion\/leyes\/category\/buscar-en-todos-los-anos\/leyes-2026\/' title='Leyes 2026' class='pt-cv-tax-leyes-2026'>Leyes 2026<\/a><\/div>\n<h4 class=\"pt-cv-title\"><a href=\"https:\/\/www.dmsjuridica.com\/buscador_20179478954\/legislacion\/leyes\/2026\/02\/13\/ley-2566-de-2026\/\" class=\"_self\" target=\"_self\" >LEY 2566 DE 2026<\/a><\/h4>\n<div class=\"pt-cv-content\">LEY No. 2566 DEL 12 DE FEBRERO DE 2026\"POR MEDIO DEL CUAL SE ESTABLECEN LAS PRINCIPALES L\u00edNEAS DE GESTI\u00d3N PARA EL ABORDAJE INTERSECTORIAL DE LAS INFECCIONES DE TRANSMISI\u00d3N SEXUAL (ITS), EL VIH\/SIDA, LA COINFECCI\u00d3N TB\/VIH y LAS HEPATITIS BY C EN El TERRITORIO -NACIONAL Y SE DICTAN OTRAS DISPOSICIONES\" LEY No. 2566 DEL 12 DE FEBRERO DE 2026Descargar ...<br \/><div class=\"pt-cv-rmwrap\"><a href=\"https:\/\/www.dmsjuridica.com\/buscador_20179478954\/legislacion\/leyes\/2026\/02\/13\/ley-2566-de-2026\/\" class=\"_self pt-cv-readmore btn btn-success\" target=\"_self\">Leer M\u00e1s<\/a><\/div><\/div><\/div><\/div>\n<div class=\"col-md-12 col-sm-12 col-xs-12 pt-cv-content-item pt-cv-1-col\" ><div class='pt-cv-ifield'><div class=\"pt-cv-taxoterm above_title\"><a href='https:\/\/www.dmsjuridica.com\/buscador_20179478954\/legislacion\/leyes\/category\/buscar-en-todos-los-anos\/leyes-2026\/' title='Leyes 2026' class='pt-cv-tax-leyes-2026'>Leyes 2026<\/a><\/div>\n<h4 class=\"pt-cv-title\"><a href=\"https:\/\/www.dmsjuridica.com\/buscador_20179478954\/legislacion\/leyes\/2026\/02\/13\/ley-2565-de-2026\/\" class=\"_self\" target=\"_self\" >LEY 2565 DE 2026<\/a><\/h4>\n<div class=\"pt-cv-content\">LEY No. 2565 DEL 12 DE FEBRERO DE 2026\"MEDIANTE LA CUAL SE PRORROGA EL DECRETO LEY 893 DE 2017, SE PROMUEVE El FORTALECIMIENTO INSTITUCIONAL DE LOS MUNICIPIOS PERTENEClENTES A LOS PROGRAMAS DE DESARROLLO CON ENFOQUE TERRITORIAL (PDET), Y SE DICTAN OTRAS DISPOSICIONES\" LEY No. 2565 DEL 12 DE FEBRERO DE 2026Descargar ...<br \/><div class=\"pt-cv-rmwrap\"><a href=\"https:\/\/www.dmsjuridica.com\/buscador_20179478954\/legislacion\/leyes\/2026\/02\/13\/ley-2565-de-2026\/\" class=\"_self pt-cv-readmore btn btn-success\" target=\"_self\">Leer M\u00e1s<\/a><\/div><\/div><\/div><\/div>\n<div class=\"col-md-12 col-sm-12 col-xs-12 pt-cv-content-item pt-cv-1-col\" ><div class='pt-cv-ifield'><div class=\"pt-cv-taxoterm above_title\"><a href='https:\/\/www.dmsjuridica.com\/buscador_20179478954\/legislacion\/leyes\/category\/buscar-en-todos-los-anos\/leyes-2026\/' title='Leyes 2026' class='pt-cv-tax-leyes-2026'>Leyes 2026<\/a><\/div>\n<h4 class=\"pt-cv-title\"><a href=\"https:\/\/www.dmsjuridica.com\/buscador_20179478954\/legislacion\/leyes\/2026\/01\/13\/ley-2564-de-2026\/\" class=\"_self\" target=\"_self\" >LEY 2564 DE 2026<\/a><\/h4>\n<div class=\"pt-cv-content\">LEY No. 2564 DEL 8 DE ENERO DE 2026POR MEDIO DEL CUAL SE CREAN MEDIDAS DE SENSIBILIZACI\u00d3N, VISIBILlZACI\u00d3N, PREVENCI\u00d3N, PROTECCI\u00d3N, ATENCI\u00d3N FRENTE A LA SALUD MENTAL Y LA VIOLENCIA DEL ENTORNO DIGITAL EN LOS NI\u00d1OS, NI\u00d1AS Y ADOLESCENTES, SE MODIFICAN Y ADICIONAN LOS ART\u00edCULOS 3\u00b0,30\u00b0,31\u00b0 DE LA LEY 1616 DE 2013 Y SE DICTAN OTRAS DISPOSICIONES LEY No. 2564 DEL 8 DE ENERO DE 2026Descargar ...<br \/><div class=\"pt-cv-rmwrap\"><a href=\"https:\/\/www.dmsjuridica.com\/buscador_20179478954\/legislacion\/leyes\/2026\/01\/13\/ley-2564-de-2026\/\" class=\"_self pt-cv-readmore btn btn-success\" target=\"_self\">Leer M\u00e1s<\/a><\/div><\/div><\/div><\/div>\n<div class=\"col-md-12 col-sm-12 col-xs-12 pt-cv-content-item pt-cv-1-col\" ><div class='pt-cv-ifield'><div class=\"pt-cv-taxoterm above_title\"><a href='https:\/\/www.dmsjuridica.com\/buscador_20179478954\/legislacion\/leyes\/category\/buscar-en-todos-los-anos\/leyes-2025\/' title='Leyes 2025' class='pt-cv-tax-leyes-2025'>Leyes 2025<\/a><\/div>\n<h4 class=\"pt-cv-title\"><a href=\"https:\/\/www.dmsjuridica.com\/buscador_20179478954\/legislacion\/leyes\/2026\/01\/08\/ley-2563-de-2025\/\" class=\"_self\" target=\"_self\" >LEY 2563 DE 2025<\/a><\/h4>\n<div class=\"pt-cv-content\">LEY No. 2563 DEL 29 DE DICIEMBRE DE 2025POR LA CUAL SE RECONOCEN E INTEGRAN LOS ENFOQUES DE PROTECCI\u00d3N, BIENESTAR ANIMAL Y CONSERVACI\u00d3N DE LA BIODIVERSIDAD EN EL MARCO DE LA POL\u00cdTICA NACIONAL DE EDUCACI\u00d3N AMBIENTAL Y SE DICTAN OTRAS DISPOSICIONES: LEY EMPAT\u00cdA LEY No. 2563 DEL 29 DE DICIEMBRE DE 2025Descargar ...<br \/><div class=\"pt-cv-rmwrap\"><a href=\"https:\/\/www.dmsjuridica.com\/buscador_20179478954\/legislacion\/leyes\/2026\/01\/08\/ley-2563-de-2025\/\" class=\"_self pt-cv-readmore btn btn-success\" target=\"_self\">Leer M\u00e1s<\/a><\/div><\/div><\/div><\/div>\n<div class=\"col-md-12 col-sm-12 col-xs-12 pt-cv-content-item pt-cv-1-col\" ><div class='pt-cv-ifield'><div class=\"pt-cv-taxoterm above_title\"><a href='https:\/\/www.dmsjuridica.com\/buscador_20179478954\/legislacion\/leyes\/category\/buscar-en-todos-los-anos\/leyes-2025\/' title='Leyes 2025' class='pt-cv-tax-leyes-2025'>Leyes 2025<\/a><\/div>\n<h4 class=\"pt-cv-title\"><a href=\"https:\/\/www.dmsjuridica.com\/buscador_20179478954\/legislacion\/leyes\/2026\/01\/08\/ley-2562-de-2025\/\" class=\"_self\" target=\"_self\" >LEY 2562 DE 2025<\/a><\/h4>\n<div class=\"pt-cv-content\">LEY No. 2562 DEL 24 DE DICIEMBRE DE 2025POR MEDIO DE LA CUAL SE APRUEBA EL \u00abPROTOCOLO FACULTATIVO DE LA CONVENCI\u00d3N SOBRE LOS DERECHOS DE LAS PERSONAS CON DISCAPACIDAD\u00bb, ADOPTADO EN NUEVA YORK, EL 13 DE DICIEMBRE DE 2006 LEY No. 2562 DEL 24 DE DICIEMBRE DE 2025Descargar ...<br \/><div class=\"pt-cv-rmwrap\"><a href=\"https:\/\/www.dmsjuridica.com\/buscador_20179478954\/legislacion\/leyes\/2026\/01\/08\/ley-2562-de-2025\/\" class=\"_self pt-cv-readmore btn btn-success\" target=\"_self\">Leer M\u00e1s<\/a><\/div><\/div><\/div><\/div>\n<div class=\"col-md-12 col-sm-12 col-xs-12 pt-cv-content-item pt-cv-1-col\" ><div class='pt-cv-ifield'><div class=\"pt-cv-taxoterm above_title\"><a href='https:\/\/www.dmsjuridica.com\/buscador_20179478954\/legislacion\/leyes\/category\/buscar-en-todos-los-anos\/leyes-2025\/' title='Leyes 2025' class='pt-cv-tax-leyes-2025'>Leyes 2025<\/a><\/div>\n<h4 class=\"pt-cv-title\"><a href=\"https:\/\/www.dmsjuridica.com\/buscador_20179478954\/legislacion\/leyes\/2026\/01\/06\/ley-2561-de-2025\/\" class=\"_self\" target=\"_self\" >LEY 2561 DE 2025<\/a><\/h4>\n<div class=\"pt-cv-content\">LEY 2561 DE 2025 (diciembre 24) D.O. 53.346, diciembre 24 de 2025 por medio de la cual la naci\u00f3n se vincula a la celebraci\u00f3n del Bicentenario de la Procuradur\u00eda General de la Naci\u00f3n, se exalta su aporte a la consolidaci\u00f3n del estado social de derecho en Colombia y se dictan otras disposiciones - Ley Di\u00e1logo para Construir consensos. El Congreso de Colombia DECRETA: Art\u00edculo 1\u00ba. Objeto. La presente ley tiene por objeto vincular a la Naci\u00f3n en la celebraci\u00f3n del Bicentenario de la Procuradur\u00eda General de la Naci\u00f3n, reconociendo su importancia en la estructura del Estado colombiano, destacando su funci\u00f3n ...<br \/><div class=\"pt-cv-rmwrap\"><a href=\"https:\/\/www.dmsjuridica.com\/buscador_20179478954\/legislacion\/leyes\/2026\/01\/06\/ley-2561-de-2025\/\" class=\"_self pt-cv-readmore btn btn-success\" target=\"_self\">Leer M\u00e1s<\/a><\/div><\/div><\/div><\/div><\/div><\/div><\/div>\n","protected":false},"excerpt":{"rendered":"","protected":false},"author":1,"featured_media":0,"parent":0,"menu_order":0,"comment_status":"closed","ping_status":"closed","template":"","meta":{"footnotes":""},"class_list":["post-5278","page","type-page","status-publish","hentry"],"_links":{"self":[{"href":"https:\/\/www.dmsjuridica.com\/buscador_20179478954\/legislacion\/leyes\/wp-json\/wp\/v2\/pages\/5278","targetHints":{"allow":["GET"]}}],"collection":[{"href":"https:\/\/www.dmsjuridica.com\/buscador_20179478954\/legislacion\/leyes\/wp-json\/wp\/v2\/pages"}],"about":[{"href":"https:\/\/www.dmsjuridica.com\/buscador_20179478954\/legislacion\/leyes\/wp-json\/wp\/v2\/types\/page"}],"author":[{"embeddable":true,"href":"https:\/\/www.dmsjuridica.com\/buscador_20179478954\/legislacion\/leyes\/wp-json\/wp\/v2\/users\/1"}],"replies":[{"embeddable":true,"href":"https:\/\/www.dmsjuridica.com\/buscador_20179478954\/legislacion\/leyes\/wp-json\/wp\/v2\/comments?post=5278"}],"version-history":[{"count":1,"href":"https:\/\/www.dmsjuridica.com\/buscador_20179478954\/legislacion\/leyes\/wp-json\/wp\/v2\/pages\/5278\/revisions"}],"predecessor-version":[{"id":5279,"href":"https:\/\/www.dmsjuridica.com\/buscador_20179478954\/legislacion\/leyes\/wp-json\/wp\/v2\/pages\/5278\/revisions\/5279"}],"wp:attachment":[{"href":"https:\/\/www.dmsjuridica.com\/buscador_20179478954\/legislacion\/leyes\/wp-json\/wp\/v2\/media?parent=5278"}],"curies":[{"name":"wp","href":"https:\/\/api.w.org\/{rel}","templated":true}]}}